{"id":8401,"date":"2020-09-17T07:54:25","date_gmt":"2020-09-17T07:54:25","guid":{"rendered":"http:\/\/demo.wpzon.com\/shopx-zon\/1\/?page_id=8401"},"modified":"2020-09-17T07:57:22","modified_gmt":"2020-09-17T07:57:22","slug":"hakkimizda","status":"publish","type":"page","link":"https:\/\/demo.wpzon.com\/shopx-zon\/1\/hakkimizda\/","title":{"rendered":"Hakk\u0131m\u0131zda"},"content":{"rendered":"\t\t<div data-elementor-type=\"wp-page\" data-elementor-id=\"8401\" class=\"elementor elementor-8401\">\n\t\t\t\t\t\t\t\t\t<section class=\"elementor-section elementor-top-section elementor-element elementor-element-7a67a28c elementor-section-boxed elementor-section-height-default elementor-section-height-default\" data-id=\"7a67a28c\" data-element_type=\"section\" data-settings=\"{&quot;background_background&quot;:&quot;classic&quot;}\">\n\t\t\t\t\t\t<div class=\"elementor-container elementor-column-gap-default\">\n\t\t\t\t\t<div class=\"elementor-column elementor-col-100 elementor-top-column elementor-element elementor-element-485b7e90\" data-id=\"485b7e90\" data-element_type=\"column\">\n\t\t\t<div class=\"elementor-widget-wrap elementor-element-populated\">\n\t\t\t\t\t\t\t\t<div class=\"elementor-element elementor-element-85332 elementor-widget elementor-widget-heading\" data-id=\"85332\" data-element_type=\"widget\" data-widget_type=\"heading.default\">\n\t\t\t\t<div class=\"elementor-widget-container\">\n\t\t\t<h1 class=\"elementor-heading-title elementor-size-large\">Hakk\u0131m\u0131zda<\/h1>\t\t<\/div>\n\t\t\t\t<\/div>\n\t\t\t\t<div class=\"elementor-element elementor-element-5cd14a59 elementor-widget elementor-widget-text-editor\" data-id=\"5cd14a59\" data-element_type=\"widget\" data-widget_type=\"text-editor.default\">\n\t\t\t\t<div class=\"elementor-widget-container\">\n\t\t\t\t\t\t\t<p>Award winning team of professional architests, customizing in home &amp; garden design. We have vast experience of both small and\u00a0large scale projects.<\/p>\t\t\t\t\t\t<\/div>\n\t\t\t\t<\/div>\n\t\t\t\t<div class=\"elementor-element elementor-element-30385066 elementor-widget elementor-widget-video\" data-id=\"30385066\" data-element_type=\"widget\" data-settings=\"{&quot;show_image_overlay&quot;:&quot;yes&quot;,&quot;image_overlay&quot;:{&quot;url&quot;:&quot;http:\\\/\\\/demo.wpzon.com\\\/shopx-zon\\\/1\\\/wp-content\\\/uploads\\\/2020\\\/09\\\/about_2.jpg&quot;,&quot;id&quot;:8403,&quot;size&quot;:&quot;&quot;},&quot;youtube_url&quot;:&quot;https:\\\/\\\/www.youtube.com\\\/watch?v=9uOETcuFjbE&quot;,&quot;video_type&quot;:&quot;youtube&quot;,&quot;controls&quot;:&quot;yes&quot;}\" data-widget_type=\"video.default\">\n\t\t\t\t<div class=\"elementor-widget-container\">\n\t\t\t\t\t<div class=\"elementor-wrapper elementor-open-inline\">\n\t\t\t<div class=\"elementor-video\"><\/div>\t\t\t\t<div class=\"elementor-custom-embed-image-overlay\" style=\"background-image: url(https:\/\/demo.wpzon.com\/shopx-zon\/1\/wp-content\/uploads\/2020\/09\/about_2.jpg);\">\n\t\t\t\t\t\t\t\t\t\t\t\t\t\t\t\t<div class=\"elementor-custom-embed-play\" role=\"button\" aria-label=\"Videoyu oynat\" tabindex=\"0\">\n\t\t\t\t\t\t\t<i aria-hidden=\"true\" class=\"eicon-play\"><\/i>\t\t\t\t\t\t\t<span class=\"elementor-screen-only\">Videoyu oynat<\/span>\n\t\t\t\t\t\t<\/div>\n\t\t\t\t\t\t\t\t\t<\/div>\n\t\t\t\t\t<\/div>\n\t\t\t\t<\/div>\n\t\t\t\t<\/div>\n\t\t\t\t\t<\/div>\n\t\t<\/div>\n\t\t\t\t\t\t\t<\/div>\n\t\t<\/section>\n\t\t\t\t<section class=\"elementor-section elementor-top-section elementor-element elementor-element-2a4bd018 elementor-section-boxed elementor-section-height-default elementor-section-height-default\" data-id=\"2a4bd018\" data-element_type=\"section\" data-settings=\"{&quot;background_background&quot;:&quot;classic&quot;}\">\n\t\t\t\t\t\t<div class=\"elementor-container elementor-column-gap-default\">\n\t\t\t\t\t<div class=\"elementor-column elementor-col-100 elementor-top-column elementor-element elementor-element-1ed5a48c\" data-id=\"1ed5a48c\" data-element_type=\"column\">\n\t\t\t<div class=\"elementor-widget-wrap elementor-element-populated\">\n\t\t\t\t\t\t\t\t<div class=\"elementor-element elementor-element-3e85c3e9 elementor-widget elementor-widget-heading\" data-id=\"3e85c3e9\" data-element_type=\"widget\" data-widget_type=\"heading.default\">\n\t\t\t\t<div class=\"elementor-widget-container\">\n\t\t\t<h3 class=\"elementor-heading-title elementor-size-large\">Bizi izlemeye devam edin ve g\u00fcncellemeleri al\u0131n<\/h3>\t\t<\/div>\n\t\t\t\t<\/div>\n\t\t\t\t<div class=\"elementor-element elementor-element-7df69c06 elementor-view-default elementor-widget elementor-widget-icon\" data-id=\"7df69c06\" data-element_type=\"widget\" data-widget_type=\"icon.default\">\n\t\t\t\t<div class=\"elementor-widget-container\">\n\t\t\t\t\t<div class=\"elementor-icon-wrapper\">\n\t\t\t<div class=\"elementor-icon\">\n\t\t\t\t\t\t\t<i class=\"fa fa-check-circle\" aria-hidden=\"true\"><\/i>\n\t\t\t\t\t\t<\/div>\n\t\t<\/div>\n\t\t\t\t<\/div>\n\t\t\t\t<\/div>\n\t\t\t\t\t<\/div>\n\t\t<\/div>\n\t\t\t\t\t\t\t<\/div>\n\t\t<\/section>\n\t\t\t\t<section class=\"elementor-section elementor-top-section elementor-element elementor-element-6ea14665 elementor-section-content-middle elementor-section-boxed elementor-section-height-default elementor-section-height-default\" data-id=\"6ea14665\" data-element_type=\"section\">\n\t\t\t\t\t\t<div class=\"elementor-container elementor-column-gap-default\">\n\t\t\t\t\t<div class=\"elementor-column elementor-col-50 elementor-top-column elementor-element elementor-element-9c001bd\" data-id=\"9c001bd\" data-element_type=\"column\">\n\t\t\t<div class=\"elementor-widget-wrap elementor-element-populated\">\n\t\t\t\t\t\t\t\t<div class=\"elementor-element elementor-element-148a5695 elementor-widget elementor-widget-heading\" data-id=\"148a5695\" data-element_type=\"widget\" data-widget_type=\"heading.default\">\n\t\t\t\t<div class=\"elementor-widget-container\">\n\t\t\t<h3 class=\"elementor-heading-title elementor-size-large\">Restoran tasar\u0131m\u0131<\/h3>\t\t<\/div>\n\t\t\t\t<\/div>\n\t\t\t\t<div class=\"elementor-element elementor-element-77a17465 elementor-widget elementor-widget-text-editor\" data-id=\"77a17465\" data-element_type=\"widget\" data-widget_type=\"text-editor.default\">\n\t\t\t\t<div class=\"elementor-widget-container\">\n\t\t\t\t\t\t\t<p>Cinterdum Cras mattis, augue id vestibulum mollis, eros arcu erat, sit amet varius erat metus vitae nisl.<\/p>\t\t\t\t\t\t<\/div>\n\t\t\t\t<\/div>\n\t\t\t\t\t<\/div>\n\t\t<\/div>\n\t\t\t\t<div class=\"elementor-column elementor-col-50 elementor-top-column elementor-element elementor-element-1447a616\" data-id=\"1447a616\" data-element_type=\"column\">\n\t\t\t<div class=\"elementor-widget-wrap elementor-element-populated\">\n\t\t\t\t\t\t\t\t<div class=\"elementor-element elementor-element-61679b88 elementor-widget elementor-widget-image\" data-id=\"61679b88\" data-element_type=\"widget\" data-widget_type=\"image.default\">\n\t\t\t\t<div class=\"elementor-widget-container\">\n\t\t\t\t\t\t\t\t\t\t\t\t\t\t\t<img fetchpriority=\"high\" decoding=\"async\" width=\"689\" height=\"477\" src=\"https:\/\/demo.wpzon.com\/shopx-zon\/1\/wp-content\/uploads\/2020\/09\/architecture_3.jpg\" class=\"attachment-full size-full wp-image-8404\" alt=\"\" srcset=\"https:\/\/demo.wpzon.com\/shopx-zon\/1\/wp-content\/uploads\/2020\/09\/architecture_3.jpg 689w, https:\/\/demo.wpzon.com\/shopx-zon\/1\/wp-content\/uploads\/2020\/09\/architecture_3-300x208.jpg 300w, https:\/\/demo.wpzon.com\/shopx-zon\/1\/wp-content\/uploads\/2020\/09\/architecture_3-600x415.jpg 600w\" sizes=\"(max-width: 689px) 100vw, 689px\" \/>\t\t\t\t\t\t\t\t\t\t\t\t\t\t\t<\/div>\n\t\t\t\t<\/div>\n\t\t\t\t\t<\/div>\n\t\t<\/div>\n\t\t\t\t\t\t\t<\/div>\n\t\t<\/section>\n\t\t\t\t<section class=\"elementor-section elementor-top-section elementor-element elementor-element-63f3670e elementor-section-content-middle elementor-reverse-mobile elementor-section-boxed elementor-section-height-default elementor-section-height-default\" data-id=\"63f3670e\" data-element_type=\"section\">\n\t\t\t\t\t\t<div class=\"elementor-container elementor-column-gap-default\">\n\t\t\t\t\t<div class=\"elementor-column elementor-col-50 elementor-top-column elementor-element elementor-element-590806f2\" data-id=\"590806f2\" data-element_type=\"column\">\n\t\t\t<div class=\"elementor-widget-wrap elementor-element-populated\">\n\t\t\t\t\t\t\t\t<div class=\"elementor-element elementor-element-1f5df9e3 elementor-widget elementor-widget-image\" data-id=\"1f5df9e3\" data-element_type=\"widget\" data-widget_type=\"image.default\">\n\t\t\t\t<div class=\"elementor-widget-container\">\n\t\t\t\t\t\t\t\t\t\t\t\t\t\t\t<img decoding=\"async\" width=\"689\" height=\"474\" src=\"https:\/\/demo.wpzon.com\/shopx-zon\/1\/wp-content\/uploads\/2020\/09\/architecture_1.jpg\" class=\"attachment-full size-full wp-image-8405\" alt=\"\" srcset=\"https:\/\/demo.wpzon.com\/shopx-zon\/1\/wp-content\/uploads\/2020\/09\/architecture_1.jpg 689w, https:\/\/demo.wpzon.com\/shopx-zon\/1\/wp-content\/uploads\/2020\/09\/architecture_1-300x206.jpg 300w, https:\/\/demo.wpzon.com\/shopx-zon\/1\/wp-content\/uploads\/2020\/09\/architecture_1-600x413.jpg 600w\" sizes=\"(max-width: 689px) 100vw, 689px\" \/>\t\t\t\t\t\t\t\t\t\t\t\t\t\t\t<\/div>\n\t\t\t\t<\/div>\n\t\t\t\t\t<\/div>\n\t\t<\/div>\n\t\t\t\t<div class=\"elementor-column elementor-col-50 elementor-top-column elementor-element elementor-element-3c8e05eb\" data-id=\"3c8e05eb\" data-element_type=\"column\">\n\t\t\t<div class=\"elementor-widget-wrap elementor-element-populated\">\n\t\t\t\t\t\t\t\t<div class=\"elementor-element elementor-element-718588f7 elementor-widget elementor-widget-heading\" data-id=\"718588f7\" data-element_type=\"widget\" data-widget_type=\"heading.default\">\n\t\t\t\t<div class=\"elementor-widget-container\">\n\t\t\t<h3 class=\"elementor-heading-title elementor-size-large\">\u0130\u00e7 ve d\u0131\u015f mekan<\/h3>\t\t<\/div>\n\t\t\t\t<\/div>\n\t\t\t\t<div class=\"elementor-element elementor-element-6d7c63b elementor-widget elementor-widget-text-editor\" data-id=\"6d7c63b\" data-element_type=\"widget\" data-widget_type=\"text-editor.default\">\n\t\t\t\t<div class=\"elementor-widget-container\">\n\t\t\t\t\t\t\t<p>Cras vulputate feugiat interdum. Cras mattis, augue id ves tibulum mollis, eros arcu cequat erat.<\/p>\t\t\t\t\t\t<\/div>\n\t\t\t\t<\/div>\n\t\t\t\t\t<\/div>\n\t\t<\/div>\n\t\t\t\t\t\t\t<\/div>\n\t\t<\/section>\n\t\t\t\t<section class=\"elementor-section elementor-top-section elementor-element elementor-element-51bd7b79 elementor-section-content-middle elementor-section-boxed elementor-section-height-default elementor-section-height-default\" data-id=\"51bd7b79\" data-element_type=\"section\" data-settings=\"{&quot;background_background&quot;:&quot;classic&quot;}\">\n\t\t\t\t\t\t<div class=\"elementor-container elementor-column-gap-default\">\n\t\t\t\t\t<div class=\"elementor-column elementor-col-50 elementor-top-column elementor-element elementor-element-f346955\" data-id=\"f346955\" data-element_type=\"column\">\n\t\t\t<div class=\"elementor-widget-wrap elementor-element-populated\">\n\t\t\t\t\t\t\t\t<div class=\"elementor-element elementor-element-59760583 elementor-widget elementor-widget-heading\" data-id=\"59760583\" data-element_type=\"widget\" data-widget_type=\"heading.default\">\n\t\t\t\t<div class=\"elementor-widget-container\">\n\t\t\t<h3 class=\"elementor-heading-title elementor-size-large\">Kurumsal yerler<\/h3>\t\t<\/div>\n\t\t\t\t<\/div>\n\t\t\t\t<div class=\"elementor-element elementor-element-32b09137 elementor-widget elementor-widget-text-editor\" data-id=\"32b09137\" data-element_type=\"widget\" data-widget_type=\"text-editor.default\">\n\t\t\t\t<div class=\"elementor-widget-container\">\n\t\t\t\t\t\t\t<p>Cras vulputate feugiat interdum. Cras mattis, augue isarcu erat, sit amet varius erat metus nisl.<\/p>\t\t\t\t\t\t<\/div>\n\t\t\t\t<\/div>\n\t\t\t\t\t<\/div>\n\t\t<\/div>\n\t\t\t\t<div class=\"elementor-column elementor-col-50 elementor-top-column elementor-element elementor-element-9b15976\" data-id=\"9b15976\" data-element_type=\"column\">\n\t\t\t<div class=\"elementor-widget-wrap elementor-element-populated\">\n\t\t\t\t\t\t\t\t<div class=\"elementor-element elementor-element-3ec5e9ea elementor-widget elementor-widget-image\" data-id=\"3ec5e9ea\" data-element_type=\"widget\" data-widget_type=\"image.default\">\n\t\t\t\t<div class=\"elementor-widget-container\">\n\t\t\t\t\t\t\t\t\t\t\t\t\t\t\t<img decoding=\"async\" width=\"689\" height=\"473\" src=\"https:\/\/demo.wpzon.com\/shopx-zon\/1\/wp-content\/uploads\/2020\/09\/architecture_2.jpg\" class=\"attachment-full size-full wp-image-8406\" alt=\"\" srcset=\"https:\/\/demo.wpzon.com\/shopx-zon\/1\/wp-content\/uploads\/2020\/09\/architecture_2.jpg 689w, https:\/\/demo.wpzon.com\/shopx-zon\/1\/wp-content\/uploads\/2020\/09\/architecture_2-300x206.jpg 300w, https:\/\/demo.wpzon.com\/shopx-zon\/1\/wp-content\/uploads\/2020\/09\/architecture_2-600x412.jpg 600w\" sizes=\"(max-width: 689px) 100vw, 689px\" \/>\t\t\t\t\t\t\t\t\t\t\t\t\t\t\t<\/div>\n\t\t\t\t<\/div>\n\t\t\t\t\t<\/div>\n\t\t<\/div>\n\t\t\t\t\t\t\t<\/div>\n\t\t<\/section>\n\t\t\t\t<section class=\"elementor-section elementor-top-section elementor-element elementor-element-4cf47eff elementor-section-boxed elementor-section-height-default elementor-section-height-default\" data-id=\"4cf47eff\" data-element_type=\"section\" data-settings=\"{&quot;background_background&quot;:&quot;classic&quot;}\">\n\t\t\t\t\t\t<div class=\"elementor-container elementor-column-gap-default\">\n\t\t\t\t\t<div class=\"elementor-column elementor-col-100 elementor-top-column elementor-element elementor-element-6a6d1cd6\" data-id=\"6a6d1cd6\" data-element_type=\"column\">\n\t\t\t<div class=\"elementor-widget-wrap elementor-element-populated\">\n\t\t\t\t\t\t\t\t<div class=\"elementor-element elementor-element-39aff0f0 elementor-widget elementor-widget-heading\" data-id=\"39aff0f0\" data-element_type=\"widget\" data-widget_type=\"heading.default\">\n\t\t\t\t<div class=\"elementor-widget-container\">\n\t\t\t<h3 class=\"elementor-heading-title elementor-size-large\">Ekibimiz<\/h3>\t\t<\/div>\n\t\t\t\t<\/div>\n\t\t\t\t<div class=\"elementor-element elementor-element-21307e72 elementor-widget elementor-widget-text-editor\" data-id=\"21307e72\" data-element_type=\"widget\" data-widget_type=\"text-editor.default\">\n\t\t\t\t<div class=\"elementor-widget-container\">\n\t\t\t\t\t\t\t<p>Every\u00a0one of our team members is devoted to delivering\u00a0the finest possible designs.<\/p>\t\t\t\t\t\t<\/div>\n\t\t\t\t<\/div>\n\t\t\t\t<section class=\"elementor-section elementor-inner-section elementor-element elementor-element-188b8a3b elementor-section-boxed elementor-section-height-default elementor-section-height-default\" data-id=\"188b8a3b\" data-element_type=\"section\">\n\t\t\t\t\t\t<div class=\"elementor-container elementor-column-gap-default\">\n\t\t\t\t\t<div class=\"elementor-column elementor-col-25 elementor-inner-column elementor-element elementor-element-6ebe26f0\" data-id=\"6ebe26f0\" data-element_type=\"column\">\n\t\t\t<div class=\"elementor-widget-wrap elementor-element-populated\">\n\t\t\t\t\t\t\t\t<div class=\"elementor-element elementor-element-27b1670 elementor-position-top elementor-widget elementor-widget-image-box\" data-id=\"27b1670\" data-element_type=\"widget\" data-widget_type=\"image-box.default\">\n\t\t\t\t<div class=\"elementor-widget-container\">\n\t\t\t<div class=\"elementor-image-box-wrapper\"><figure class=\"elementor-image-box-img\"><img loading=\"lazy\" decoding=\"async\" width=\"268\" height=\"275\" src=\"https:\/\/demo.wpzon.com\/shopx-zon\/1\/wp-content\/uploads\/2020\/09\/team.jpg\" class=\"attachment-full size-full wp-image-8407\" alt=\"\" \/><\/figure><div class=\"elementor-image-box-content\"><h3 class=\"elementor-image-box-title\">Emma Louise<\/h3><p class=\"elementor-image-box-description\">Interior Designer<\/p><\/div><\/div>\t\t<\/div>\n\t\t\t\t<\/div>\n\t\t\t\t\t<\/div>\n\t\t<\/div>\n\t\t\t\t<div class=\"elementor-column elementor-col-25 elementor-inner-column elementor-element elementor-element-3d6cc611\" data-id=\"3d6cc611\" data-element_type=\"column\">\n\t\t\t<div class=\"elementor-widget-wrap elementor-element-populated\">\n\t\t\t\t\t\t\t\t<div class=\"elementor-element elementor-element-33b85ffd elementor-position-top elementor-widget elementor-widget-image-box\" data-id=\"33b85ffd\" data-element_type=\"widget\" data-widget_type=\"image-box.default\">\n\t\t\t\t<div class=\"elementor-widget-container\">\n\t\t\t<div class=\"elementor-image-box-wrapper\"><figure class=\"elementor-image-box-img\"><img loading=\"lazy\" decoding=\"async\" width=\"269\" height=\"275\" src=\"https:\/\/demo.wpzon.com\/shopx-zon\/1\/wp-content\/uploads\/2020\/09\/team_2.jpg\" class=\"attachment-full size-full wp-image-8408\" alt=\"\" \/><\/figure><div class=\"elementor-image-box-content\"><h3 class=\"elementor-image-box-title\">john frieda<\/h3><p class=\"elementor-image-box-description\">Co Founder<\/p><\/div><\/div>\t\t<\/div>\n\t\t\t\t<\/div>\n\t\t\t\t\t<\/div>\n\t\t<\/div>\n\t\t\t\t<div class=\"elementor-column elementor-col-25 elementor-inner-column elementor-element elementor-element-515a3c55\" data-id=\"515a3c55\" data-element_type=\"column\">\n\t\t\t<div class=\"elementor-widget-wrap elementor-element-populated\">\n\t\t\t\t\t\t\t\t<div class=\"elementor-element elementor-element-113dbb9a elementor-position-top elementor-widget elementor-widget-image-box\" data-id=\"113dbb9a\" data-element_type=\"widget\" data-widget_type=\"image-box.default\">\n\t\t\t\t<div class=\"elementor-widget-container\">\n\t\t\t<div class=\"elementor-image-box-wrapper\"><figure class=\"elementor-image-box-img\"><img loading=\"lazy\" decoding=\"async\" width=\"268\" height=\"275\" src=\"https:\/\/demo.wpzon.com\/shopx-zon\/1\/wp-content\/uploads\/2020\/09\/team_3.jpg\" class=\"attachment-full size-full wp-image-8409\" alt=\"\" \/><\/figure><div class=\"elementor-image-box-content\"><h3 class=\"elementor-image-box-title\">allen greene<\/h3><p class=\"elementor-image-box-description\">Architect<\/p><\/div><\/div>\t\t<\/div>\n\t\t\t\t<\/div>\n\t\t\t\t\t<\/div>\n\t\t<\/div>\n\t\t\t\t<div class=\"elementor-column elementor-col-25 elementor-inner-column elementor-element elementor-element-518e708b\" data-id=\"518e708b\" data-element_type=\"column\">\n\t\t\t<div class=\"elementor-widget-wrap elementor-element-populated\">\n\t\t\t\t\t\t\t\t<div class=\"elementor-element elementor-element-76bbe64a elementor-position-top elementor-widget elementor-widget-image-box\" data-id=\"76bbe64a\" data-element_type=\"widget\" data-widget_type=\"image-box.default\">\n\t\t\t\t<div class=\"elementor-widget-container\">\n\t\t\t<div class=\"elementor-image-box-wrapper\"><figure class=\"elementor-image-box-img\"><img loading=\"lazy\" decoding=\"async\" width=\"268\" height=\"275\" src=\"https:\/\/demo.wpzon.com\/shopx-zon\/1\/wp-content\/uploads\/2020\/09\/team_4.jpg\" class=\"attachment-full size-full wp-image-8410\" alt=\"\" \/><\/figure><div class=\"elementor-image-box-content\"><h3 class=\"elementor-image-box-title\">david louis<\/h3><p class=\"elementor-image-box-description\">Interior Designer<\/p><\/div><\/div>\t\t<\/div>\n\t\t\t\t<\/div>\n\t\t\t\t\t<\/div>\n\t\t<\/div>\n\t\t\t\t\t\t\t<\/div>\n\t\t<\/section>\n\t\t\t\t\t<\/div>\n\t\t<\/div>\n\t\t\t\t\t\t\t<\/div>\n\t\t<\/section>\n\t\t\t\t<section class=\"elementor-section elementor-top-section elementor-element elementor-element-c6829e0 elementor-section-boxed elementor-section-height-default elementor-section-height-default\" data-id=\"c6829e0\" data-element_type=\"section\" data-settings=\"{&quot;background_background&quot;:&quot;classic&quot;}\">\n\t\t\t\t\t\t<div class=\"elementor-container elementor-column-gap-default\">\n\t\t\t\t\t<div class=\"elementor-column elementor-col-100 elementor-top-column elementor-element elementor-element-7c244ad\" data-id=\"7c244ad\" data-element_type=\"column\">\n\t\t\t<div class=\"elementor-widget-wrap elementor-element-populated\">\n\t\t\t\t\t\t\t\t<div class=\"elementor-element elementor-element-39850a01 elementor-widget elementor-widget-heading\" data-id=\"39850a01\" data-element_type=\"widget\" data-widget_type=\"heading.default\">\n\t\t\t\t<div class=\"elementor-widget-container\">\n\t\t\t<h3 class=\"elementor-heading-title elementor-size-large\">Referanslar\u0131m\u0131z<\/h3>\t\t<\/div>\n\t\t\t\t<\/div>\n\t\t\t\t<div class=\"elementor-element elementor-element-3122e9f5 elementor-pagination-position-outside elementor-widget elementor-widget-image-carousel\" data-id=\"3122e9f5\" data-element_type=\"widget\" data-settings=\"{&quot;slides_to_show&quot;:&quot;6&quot;,&quot;navigation&quot;:&quot;dots&quot;,&quot;image_spacing_custom&quot;:{&quot;unit&quot;:&quot;px&quot;,&quot;size&quot;:&quot;75&quot;,&quot;sizes&quot;:[]},&quot;autoplay&quot;:&quot;yes&quot;,&quot;pause_on_hover&quot;:&quot;yes&quot;,&quot;pause_on_interaction&quot;:&quot;yes&quot;,&quot;autoplay_speed&quot;:5000,&quot;infinite&quot;:&quot;yes&quot;,&quot;speed&quot;:500,&quot;image_spacing_custom_tablet&quot;:{&quot;unit&quot;:&quot;px&quot;,&quot;size&quot;:&quot;&quot;,&quot;sizes&quot;:[]},&quot;image_spacing_custom_mobile&quot;:{&quot;unit&quot;:&quot;px&quot;,&quot;size&quot;:&quot;&quot;,&quot;sizes&quot;:[]}}\" data-widget_type=\"image-carousel.default\">\n\t\t\t\t<div class=\"elementor-widget-container\">\n\t\t\t\t\t<div class=\"elementor-image-carousel-wrapper swiper-container\" dir=\"ltr\">\n\t\t\t<div class=\"elementor-image-carousel swiper-wrapper\" aria-live=\"off\">\n\t\t\t\t\t\t\t\t<div class=\"swiper-slide\" role=\"group\" aria-roledescription=\"slide\" aria-label=\"1 \/ 7\"><figure class=\"swiper-slide-inner\"><img decoding=\"async\" class=\"swiper-slide-image\" src=\"https:\/\/demo.wpzon.com\/shopx-zon\/1\/wp-content\/uploads\/2020\/09\/BASTIL-1.png\" alt=\"BASTIL.png\" \/><\/figure><\/div><div class=\"swiper-slide\" role=\"group\" aria-roledescription=\"slide\" aria-label=\"2 \/ 7\"><figure class=\"swiper-slide-inner\"><img decoding=\"async\" class=\"swiper-slide-image\" src=\"https:\/\/demo.wpzon.com\/shopx-zon\/1\/wp-content\/uploads\/2020\/09\/MADRIN-1.png\" alt=\"MADRIN.png\" \/><\/figure><\/div><div class=\"swiper-slide\" role=\"group\" aria-roledescription=\"slide\" aria-label=\"3 \/ 7\"><figure class=\"swiper-slide-inner\"><img decoding=\"async\" class=\"swiper-slide-image\" src=\"https:\/\/demo.wpzon.com\/shopx-zon\/1\/wp-content\/uploads\/2020\/09\/GEO-1.png\" alt=\"GEO.png\" \/><\/figure><\/div><div class=\"swiper-slide\" role=\"group\" aria-roledescription=\"slide\" aria-label=\"4 \/ 7\"><figure class=\"swiper-slide-inner\"><img decoding=\"async\" class=\"swiper-slide-image\" src=\"https:\/\/demo.wpzon.com\/shopx-zon\/1\/wp-content\/uploads\/2020\/09\/FIFTHFLOUR-1.png\" alt=\"FIFTHFLOUR.png\" \/><\/figure><\/div><div class=\"swiper-slide\" role=\"group\" aria-roledescription=\"slide\" aria-label=\"5 \/ 7\"><figure class=\"swiper-slide-inner\"><img decoding=\"async\" class=\"swiper-slide-image\" src=\"https:\/\/demo.wpzon.com\/shopx-zon\/1\/wp-content\/uploads\/2020\/09\/ECOCODE.png\" alt=\"ECOCODE.png\" \/><\/figure><\/div><div class=\"swiper-slide\" role=\"group\" aria-roledescription=\"slide\" aria-label=\"6 \/ 7\"><figure class=\"swiper-slide-inner\"><img decoding=\"async\" class=\"swiper-slide-image\" src=\"https:\/\/demo.wpzon.com\/shopx-zon\/1\/wp-content\/uploads\/2020\/09\/BOLEIR-1.png\" alt=\"BOLEIR.png\" \/><\/figure><\/div><div class=\"swiper-slide\" role=\"group\" aria-roledescription=\"slide\" aria-label=\"7 \/ 7\"><figure class=\"swiper-slide-inner\"><img decoding=\"async\" class=\"swiper-slide-image\" src=\"https:\/\/demo.wpzon.com\/shopx-zon\/1\/wp-content\/uploads\/2020\/09\/ARMOND-1.png\" alt=\"ARMOND.png\" \/><\/figure><\/div>\t\t\t<\/div>\n\t\t\t\t\t\t\t\n\t\t\t\t\t\t\t\t\t<div class=\"swiper-pagination\"><\/div>\n\t\t\t\t\t\t\t\t\t<\/div>\n\t\t\t\t<\/div>\n\t\t\t\t<\/div>\n\t\t\t\t\t<\/div>\n\t\t<\/div>\n\t\t\t\t\t\t\t<\/div>\n\t\t<\/section>\n\t\t\t\t\t\t\t<\/div>\n\t\t","protected":false},"excerpt":{"rendered":"<p>Hakk\u0131m\u0131zda Award winning team of professional architests, customizing in home &amp; garden design. We have vast experience of both small and\u00a0large scale projects. https:\/\/www.youtube.com\/watch?v=9uOETcuFjbE Bizi izlemeye devam edin ve g\u00fcncellemeleri al\u0131n Restoran tasar\u0131m\u0131 Cinterdum Cras mattis, augue id vestibulum mollis, eros arcu erat, sit amet varius erat metus vitae nisl. \u0130\u00e7 ve d\u0131\u015f mekan Cras [&hellip;]<\/p>\n","protected":false},"author":1,"featured_media":0,"parent":0,"menu_order":0,"comment_status":"closed","ping_status":"closed","template":"elementor_header_footer","meta":{"footnotes":""},"_links":{"self":[{"href":"https:\/\/demo.wpzon.com\/shopx-zon\/1\/wp-json\/wp\/v2\/pages\/8401"}],"collection":[{"href":"https:\/\/demo.wpzon.com\/shopx-zon\/1\/wp-json\/wp\/v2\/pages"}],"about":[{"href":"https:\/\/demo.wpzon.com\/shopx-zon\/1\/wp-json\/wp\/v2\/types\/page"}],"author":[{"embeddable":true,"href":"https:\/\/demo.wpzon.com\/shopx-zon\/1\/wp-json\/wp\/v2\/users\/1"}],"replies":[{"embeddable":true,"href":"https:\/\/demo.wpzon.com\/shopx-zon\/1\/wp-json\/wp\/v2\/comments?post=8401"}],"version-history":[{"count":2,"href":"https:\/\/demo.wpzon.com\/shopx-zon\/1\/wp-json\/wp\/v2\/pages\/8401\/revisions"}],"predecessor-version":[{"id":8418,"href":"https:\/\/demo.wpzon.com\/shopx-zon\/1\/wp-json\/wp\/v2\/pages\/8401\/revisions\/8418"}],"wp:attachment":[{"href":"https:\/\/demo.wpzon.com\/shopx-zon\/1\/wp-json\/wp\/v2\/media?parent=8401"}],"curies":[{"name":"wp","href":"https:\/\/api.w.org\/{rel}","templated":true}]}}